{"id":395,"date":"2022-09-28T18:22:19","date_gmt":"2022-09-28T18:22:19","guid":{"rendered":"https:\/\/clinicacuerpoycolor.com.co\/?page_id=395"},"modified":"2024-01-15T13:52:18","modified_gmt":"2024-01-15T13:52:18","slug":"contacto","status":"publish","type":"page","link":"https:\/\/clinicacuerpoycolor.com.co\/en\/contacto\/","title":{"rendered":"Contact"},"content":{"rendered":"<div data-elementor-type=\"wp-page\" data-elementor-id=\"395\" class=\"elementor elementor-395\">\n\t\t\t\t\t\t<section class=\"elementor-section elementor-top-section elementor-element elementor-element-7c839461 elementor-section-content-middle elementor-section-boxed elementor-section-height-default elementor-section-height-default\" data-id=\"7c839461\" data-element_type=\"section\" data-settings=\"{&quot;background_background&quot;:&quot;gradient&quot;,&quot;mdp_selection_sticky_effect_enable&quot;:false}\">\n\t\t\t\t\t\t<div class=\"elementor-container elementor-column-gap-default\">\n\t\t\t\t\t<div class=\"elementor-column elementor-col-50 elementor-top-column elementor-element elementor-element-1f47233e\" data-id=\"1f47233e\" data-element_type=\"column\" data-settings=\"{&quot;mdp_selection_sticky_column_effect_enable&quot;:false}\">\n\t\t\t<div class=\"elementor-widget-wrap elementor-element-populated\">\n\t\t\t\t\t\t<div class=\"elementor-element elementor-element-798bea06 elementor-invisible elementor-widget elementor-widget-heading\" data-id=\"798bea06\" data-element_type=\"widget\" data-settings=\"{&quot;_animation&quot;:&quot;fadeInLeft&quot;}\" data-widget_type=\"heading.default\">\n\t\t\t\t<div class=\"elementor-widget-container\">\n\t\t\t\t\t<h1 class=\"elementor-heading-title elementor-size-default\">Contact<\/h1>\t\t\t\t<\/div>\n\t\t\t\t<\/div>\n\t\t\t\t<div class=\"elementor-element elementor-element-74738053 elementor-invisible elementor-widget elementor-widget-text-editor\" data-id=\"74738053\" data-element_type=\"widget\" data-settings=\"{&quot;_animation&quot;:&quot;zoomIn&quot;}\" data-widget_type=\"text-editor.default\">\n\t\t\t\t<div class=\"elementor-widget-container\">\n\t\t\t\t\t\t\t\t\t<p><strong>We are attentive<\/strong> to any concerns or <strong>assistance<\/strong> you may need. <strong>Contact us<\/strong> through the different <strong>channels<\/strong> of <strong>established communication<\/strong> that we have, you can write us a <strong>direct message<\/strong> or write to our <strong>Whatsapp<\/strong>.<\/p>\t\t\t\t\t\t\t\t<\/div>\n\t\t\t\t<\/div>\n\t\t\t\t\t<\/div>\n\t\t<\/div>\n\t\t\t\t<div class=\"elementor-column elementor-col-50 elementor-top-column elementor-element elementor-element-25c2023f elementor-hidden-tablet elementor-hidden-phone\" data-id=\"25c2023f\" data-element_type=\"column\" data-settings=\"{&quot;background_background&quot;:&quot;classic&quot;,&quot;mdp_selection_sticky_column_effect_enable&quot;:false}\">\n\t\t\t<div class=\"elementor-widget-wrap elementor-element-populated\">\n\t\t\t\t\t\t<div class=\"elementor-element elementor-element-02bd755 elementor-invisible elementor-widget elementor-widget-google_maps\" data-id=\"02bd755\" data-element_type=\"widget\" data-settings=\"{&quot;_animation&quot;:&quot;fadeInRight&quot;}\" data-widget_type=\"google_maps.default\">\n\t\t\t\t<div class=\"elementor-widget-container\">\n\t\t\t\t\t\t\t<div class=\"elementor-custom-embed\">\n\t\t\t<iframe\n\t\t\t\t\tdata-src=\"https:\/\/maps.google.com\/maps?q=Clinica%20Cuerpo%20y%20Color&#038;t=m&#038;z=15&#038;output=embed&#038;iwloc=near\"\n\t\t\t\t\ttitle=\"Clinica Cuerpo y Color\"\n\t\t\t\t\taria-label=\"Clinica Cuerpo y Color\"\n\t\t\t src=\"data:image\/gif;base64,R0lGODlhAQABAAAAACH5BAEKAAEALAAAAAABAAEAAAICTAEAOw==\" class=\"lazyload\" data-load-mode=\"1\"><\/iframe>\n\t\t<\/div>\n\t\t\t\t\t\t<\/div>\n\t\t\t\t<\/div>\n\t\t\t\t\t<\/div>\n\t\t<\/div>\n\t\t\t\t\t<\/div>\n\t\t<\/section>\n\t\t\t\t<section class=\"elementor-section elementor-top-section elementor-element elementor-element-454a5b88 elementor-section-boxed elementor-section-height-default elementor-section-height-default elementor-invisible\" data-id=\"454a5b88\" data-element_type=\"section\" data-settings=\"{&quot;animation&quot;:&quot;zoomIn&quot;,&quot;mdp_selection_sticky_effect_enable&quot;:false}\">\n\t\t\t\t\t\t<div class=\"elementor-container elementor-column-gap-wider\">\n\t\t\t\t\t<div class=\"elementor-column elementor-col-50 elementor-top-column elementor-element elementor-element-4d80ea09\" data-id=\"4d80ea09\" data-element_type=\"column\" data-settings=\"{&quot;mdp_selection_sticky_column_effect_enable&quot;:false}\">\n\t\t\t<div class=\"elementor-widget-wrap elementor-element-populated\">\n\t\t\t\t\t\t<div class=\"elementor-element elementor-element-50b0786a elementor-widget elementor-widget-heading\" data-id=\"50b0786a\" data-element_type=\"widget\" data-widget_type=\"heading.default\">\n\t\t\t\t<div class=\"elementor-widget-container\">\n\t\t\t\t\t<h3 class=\"elementor-heading-title elementor-size-default\">Send us a Message<\/h3>\t\t\t\t<\/div>\n\t\t\t\t<\/div>\n\t\t\t\t<div class=\"elementor-element elementor-element-758f3f88 elementor-button-align-end elementor-mobile-button-align-stretch elementor-widget elementor-widget-form\" data-id=\"758f3f88\" data-element_type=\"widget\" data-settings=\"{&quot;step_next_label&quot;:&quot;Next&quot;,&quot;step_previous_label&quot;:&quot;Previous&quot;,&quot;button_width&quot;:&quot;100&quot;,&quot;step_type&quot;:&quot;number_text&quot;,&quot;step_icon_shape&quot;:&quot;circle&quot;}\" data-widget_type=\"form.default\">\n\t\t\t\t<div class=\"elementor-widget-container\">\n\t\t\t\t\t\t\t<form class=\"elementor-form\" method=\"post\" name=\"New Form\" action=\"\">\n\t\t\t<input type=\"hidden\" name=\"post_id\" value=\"395\"\/>\n\t\t\t<input type=\"hidden\" name=\"form_id\" value=\"758f3f88\"\/>\n\t\t\t<input type=\"hidden\" name=\"referer_title\" value=\"Cl\u00ednica Cuerpo y Color\" \/>\n\n\t\t\t\n\t\t\t<div class=\"elementor-form-fields-wrapper elementor-labels-\">\n\t\t\t\t\t\t\t\t<div class=\"elementor-field-type-text elementor-field-group elementor-column elementor-field-group-name elementor-col-50\">\n\t\t\t\t\t\t\t\t\t\t\t\t<label for=\"form-field-name\" class=\"elementor-field-label elementor-screen-only\">\n\t\t\t\t\t\t\t\tName\t\t\t\t\t\t\t<\/label>\n\t\t\t\t\t\t\t\t\t\t\t\t\t\t<input size=\"1\" type=\"text\" name=\"form_fields[name]\" id=\"form-field-name\" class=\"elementor-field elementor-size-sm  elementor-field-textual\" placeholder=\"Name\">\n\t\t\t\t\t\t\t\t\t\t\t<\/div>\n\t\t\t\t\t\t\t\t<div class=\"elementor-field-type-email elementor-field-group elementor-column elementor-field-group-email elementor-col-50 elementor-field-required\">\n\t\t\t\t\t\t\t\t\t\t\t\t<label for=\"form-field-email\" class=\"elementor-field-label elementor-screen-only\">\n\t\t\t\t\t\t\t\tEmail\t\t\t\t\t\t\t<\/label>\n\t\t\t\t\t\t\t\t\t\t\t\t\t\t<input size=\"1\" type=\"email\" name=\"form_fields[email]\" id=\"form-field-email\" class=\"elementor-field elementor-size-sm  elementor-field-textual\" placeholder=\"Email\" required=\"required\" aria-required=\"true\">\n\t\t\t\t\t\t\t\t\t\t\t<\/div>\n\t\t\t\t\t\t\t\t<div class=\"elementor-field-type-textarea elementor-field-group elementor-column elementor-field-group-message elementor-col-100\">\n\t\t\t\t\t\t\t\t\t\t\t\t<label for=\"form-field-message\" class=\"elementor-field-label elementor-screen-only\">\n\t\t\t\t\t\t\t\tMessage\t\t\t\t\t\t\t<\/label>\n\t\t\t\t\t\t<textarea class=\"elementor-field-textual elementor-field  elementor-size-sm\" name=\"form_fields[message]\" id=\"form-field-message\" rows=\"4\" placeholder=\"Message\"><\/textarea>\t\t\t\t<\/div>\n\t\t\t\t\t\t\t\t<div class=\"elementor-field-type-recaptcha_v3 elementor-field-group elementor-column elementor-field-group-field_e2cb548 elementor-col-100 recaptcha_v3-bottomleft\">\n\t\t\t\t\t<div class=\"elementor-field\" id=\"form-field-field_e2cb548\"><div class=\"elementor-g-recaptcha\" data-sitekey=\"6LcFiiwjAAAAACrJa8TnErSI5Q_gwF90TEqvFtbF\" data-type=\"v3\" data-action=\"Form\" data-badge=\"bottomleft\" data-size=\"invisible\"><\/div><\/div>\t\t\t\t<\/div>\n\t\t\t\t\t\t\t\t<div class=\"elementor-field-type-text\">\n\t\t\t\t\t<input size=\"1\" type=\"text\" name=\"form_fields[field_d0e0e0c]\" id=\"form-field-field_d0e0e0c\" class=\"elementor-field elementor-size-sm\" style=\"display:none !important;\">\t\t\t\t<\/div>\n\t\t\t\t\t\t\t\t<div class=\"elementor-field-group elementor-column elementor-field-type-submit elementor-col-100 e-form__buttons\">\n\t\t\t\t\t<button type=\"submit\" class=\"elementor-button elementor-size-sm\">\n\t\t\t\t\t\t<span >\n\t\t\t\t\t\t\t\t\t\t\t\t\t\t\t<span class=\"elementor-button-icon\">\n\t\t\t\t\t\t\t\t\t\t\t\t\t\t\t\t\t\t\t\t\t\t\t\t\t\t<\/span>\n\t\t\t\t\t\t\t\t\t\t\t\t\t\t\t\t\t\t\t\t\t\t<span class=\"elementor-button-text\">Send<\/span>\n\t\t\t\t\t\t\t\t\t\t\t\t\t<\/span>\n\t\t\t\t\t<\/button>\n\t\t\t\t<\/div>\n\t\t\t<\/div>\n\t\t<input type=\"hidden\" name=\"trp-form-language\" value=\"en\"\/><\/form>\n\t\t\t\t\t\t<\/div>\n\t\t\t\t<\/div>\n\t\t\t\t\t<\/div>\n\t\t<\/div>\n\t\t\t\t<div class=\"elementor-column elementor-col-50 elementor-top-column elementor-element elementor-element-7f803310\" data-id=\"7f803310\" data-element_type=\"column\" data-settings=\"{&quot;mdp_selection_sticky_column_effect_enable&quot;:false}\">\n\t\t\t<div class=\"elementor-widget-wrap elementor-element-populated\">\n\t\t\t\t\t\t<div class=\"elementor-element elementor-element-3a998c72 elementor-widget elementor-widget-text-editor\" data-id=\"3a998c72\" data-element_type=\"widget\" data-widget_type=\"text-editor.default\">\n\t\t\t\t<div class=\"elementor-widget-container\">\n\t\t\t\t\t\t\t\t\t<p>You can <strong>send us a direct message<\/strong> from our website or through our <strong>WhatsApp number.<\/strong><\/p>\t\t\t\t\t\t\t\t<\/div>\n\t\t\t\t<\/div>\n\t\t\t\t<div class=\"elementor-element elementor-element-5b943ab6 elementor-widget elementor-widget-heading\" data-id=\"5b943ab6\" data-element_type=\"widget\" data-widget_type=\"heading.default\">\n\t\t\t\t<div class=\"elementor-widget-container\">\n\t\t\t\t\t<h6 class=\"elementor-heading-title elementor-size-default\">Schedule<\/h6>\t\t\t\t<\/div>\n\t\t\t\t<\/div>\n\t\t\t\t<div class=\"elementor-element elementor-element-23aab46 elementor-widget elementor-widget-heading\" data-id=\"23aab46\" data-element_type=\"widget\" data-widget_type=\"heading.default\">\n\t\t\t\t<div class=\"elementor-widget-container\">\n\t\t\t\t\t<h6 class=\"elementor-heading-title elementor-size-default\">Mon-Fri: 8AM - 6PM<br>\nSaturday: 8AM - 12:30PM<\/h6>\t\t\t\t<\/div>\n\t\t\t\t<\/div>\n\t\t\t\t<div class=\"elementor-element elementor-element-7ff77438 elementor-widget elementor-widget-heading\" data-id=\"7ff77438\" data-element_type=\"widget\" data-widget_type=\"heading.default\">\n\t\t\t\t<div class=\"elementor-widget-container\">\n\t\t\t\t\t<h6 class=\"elementor-heading-title elementor-size-default\">Phones<\/h6>\t\t\t\t<\/div>\n\t\t\t\t<\/div>\n\t\t\t\t<div class=\"elementor-element elementor-element-3f9803ca elementor-widget elementor-widget-heading\" data-id=\"3f9803ca\" data-element_type=\"widget\" data-widget_type=\"heading.default\">\n\t\t\t\t<div class=\"elementor-widget-container\">\n\t\t\t\t\t<h6 class=\"elementor-heading-title elementor-size-default\">Administrative Ph: +57 318 487 3232<br>\nServices Ph: (602) 394 2316<br>\nCell.: +57 316 049 6976<br>\n\n<\/h6>\t\t\t\t<\/div>\n\t\t\t\t<\/div>\n\t\t\t\t<div class=\"elementor-element elementor-element-7c3db392 elementor-widget elementor-widget-heading\" data-id=\"7c3db392\" data-element_type=\"widget\" data-widget_type=\"heading.default\">\n\t\t\t\t<div class=\"elementor-widget-container\">\n\t\t\t\t\t<h6 class=\"elementor-heading-title elementor-size-default\">Location<\/h6>\t\t\t\t<\/div>\n\t\t\t\t<\/div>\n\t\t\t\t<div class=\"elementor-element elementor-element-179d0604 elementor-widget elementor-widget-heading\" data-id=\"179d0604\" data-element_type=\"widget\" data-widget_type=\"heading.default\">\n\t\t\t\t<div class=\"elementor-widget-container\">\n\t\t\t\t\t<h6 class=\"elementor-heading-title elementor-size-default\">Cali (Valle del Cauca)<br>Cra. 66a # 6-168<\/h6>\t\t\t\t<\/div>\n\t\t\t\t<\/div>\n\t\t\t\t\t<\/div>\n\t\t<\/div>\n\t\t\t\t\t<\/div>\n\t\t<\/section>\n\t\t\t\t<\/div>","protected":false},"excerpt":{"rendered":"<p>Contacto Estamos atentos a cualquier inquietud o asistencia que puedas necesitar. Cont\u00e1ctenos a trav\u00e9s de los diferentes canales de comunicaci\u00f3n que tenemos, puedes escribirnos un mensaje directo o escribirnos a nuestro Whatsapp. Env\u00edanos un Mensaje Puedes enviarnos un mensaje directo desde nuestro sitio web o a trav\u00e9s de de nuestro n\u00famero de whatsapp. Atenci\u00f3n Lun-Vie: [&hellip;]<\/p>","protected":false},"author":1,"featured_media":0,"parent":0,"menu_order":0,"comment_status":"closed","ping_status":"closed","template":"","meta":{"_monsterinsights_skip_tracking":false,"_monsterinsights_sitenote_active":false,"_monsterinsights_sitenote_note":"","_monsterinsights_sitenote_category":0,"footnotes":""},"class_list":["post-395","page","type-page","status-publish","hentry"],"yoast_head":"<!-- This site is optimized with the Yoast SEO plugin v24.4 - https:\/\/yoast.com\/wordpress\/plugins\/seo\/ -->\n<title>Contacto - Cl\u00ednica Cuerpo y Color<\/title>\n<meta name=\"robots\" content=\"index, follow, max-snippet:-1, max-image-preview:large, max-video-preview:-1\" \/>\n<link rel=\"canonical\" href=\"https:\/\/clinicacuerpoycolor.com.co\/en\/contacto\/\" \/>\n<meta property=\"og:locale\" content=\"en_US\" \/>\n<meta property=\"og:type\" content=\"article\" \/>\n<meta property=\"og:title\" content=\"Contacto - Cl\u00ednica Cuerpo y Color\" \/>\n<meta property=\"og:description\" content=\"Contacto Estamos atentos a cualquier inquietud o asistencia que puedas necesitar. Cont\u00e1ctenos a trav\u00e9s de los diferentes canales de comunicaci\u00f3n que tenemos, puedes escribirnos un mensaje directo o escribirnos a nuestro Whatsapp. Env\u00edanos un Mensaje Puedes enviarnos un mensaje directo desde nuestro sitio web o a trav\u00e9s de de nuestro n\u00famero de whatsapp. Atenci\u00f3n Lun-Vie: [&hellip;]\" \/>\n<meta property=\"og:url\" content=\"https:\/\/clinicacuerpoycolor.com.co\/en\/contacto\/\" \/>\n<meta property=\"og:site_name\" content=\"Cl\u00ednica Cuerpo y Color\" \/>\n<meta property=\"article:modified_time\" content=\"2024-01-15T13:52:18+00:00\" \/>\n<meta name=\"twitter:card\" content=\"summary_large_image\" \/>\n<meta name=\"twitter:label1\" content=\"Est. reading time\" \/>\n\t<meta name=\"twitter:data1\" content=\"1 minute\" \/>\n<script type=\"application\/ld+json\" class=\"yoast-schema-graph\">{\"@context\":\"https:\/\/schema.org\",\"@graph\":[{\"@type\":\"WebPage\",\"@id\":\"https:\/\/clinicacuerpoycolor.com.co\/contacto\/\",\"url\":\"https:\/\/clinicacuerpoycolor.com.co\/contacto\/\",\"name\":\"Contacto - Cl\u00ednica Cuerpo y Color\",\"isPartOf\":{\"@id\":\"https:\/\/clinicacuerpoycolor.com.co\/#website\"},\"datePublished\":\"2022-09-28T18:22:19+00:00\",\"dateModified\":\"2024-01-15T13:52:18+00:00\",\"breadcrumb\":{\"@id\":\"https:\/\/clinicacuerpoycolor.com.co\/contacto\/#breadcrumb\"},\"inLanguage\":\"en-US\",\"potentialAction\":[{\"@type\":\"ReadAction\",\"target\":[\"https:\/\/clinicacuerpoycolor.com.co\/contacto\/\"]}]},{\"@type\":\"BreadcrumbList\",\"@id\":\"https:\/\/clinicacuerpoycolor.com.co\/contacto\/#breadcrumb\",\"itemListElement\":[{\"@type\":\"ListItem\",\"position\":1,\"name\":\"Portada\",\"item\":\"https:\/\/clinicacuerpoycolor.com.co\/\"},{\"@type\":\"ListItem\",\"position\":2,\"name\":\"Contacto\"}]},{\"@type\":\"WebSite\",\"@id\":\"https:\/\/clinicacuerpoycolor.com.co\/#website\",\"url\":\"https:\/\/clinicacuerpoycolor.com.co\/\",\"name\":\"Cl\u00ednica Cuerpo y Color\",\"description\":\"Cl&iacute;nica Est&eacute;tica en Cali\",\"publisher\":{\"@id\":\"https:\/\/clinicacuerpoycolor.com.co\/#organization\"},\"potentialAction\":[{\"@type\":\"SearchAction\",\"target\":{\"@type\":\"EntryPoint\",\"urlTemplate\":\"https:\/\/clinicacuerpoycolor.com.co\/?s={search_term_string}\"},\"query-input\":{\"@type\":\"PropertyValueSpecification\",\"valueRequired\":true,\"valueName\":\"search_term_string\"}}],\"inLanguage\":\"en-US\"},{\"@type\":\"Organization\",\"@id\":\"https:\/\/clinicacuerpoycolor.com.co\/#organization\",\"name\":\"Cl\u00ednica Cuerpo y Color\",\"url\":\"https:\/\/clinicacuerpoycolor.com.co\/\",\"logo\":{\"@type\":\"ImageObject\",\"inLanguage\":\"en-US\",\"@id\":\"https:\/\/clinicacuerpoycolor.com.co\/#\/schema\/logo\/image\/\",\"url\":\"https:\/\/clinicacuerpoycolor.com.co\/wp-content\/uploads\/2022\/09\/logoCuerpoColor.png\",\"contentUrl\":\"https:\/\/clinicacuerpoycolor.com.co\/wp-content\/uploads\/2022\/09\/logoCuerpoColor.png\",\"width\":350,\"height\":200,\"caption\":\"Cl\u00ednica Cuerpo y Color\"},\"image\":{\"@id\":\"https:\/\/clinicacuerpoycolor.com.co\/#\/schema\/logo\/image\/\"}}]}<\/script>\n<!-- \/ Yoast SEO plugin. -->","yoast_head_json":{"title":"Contacto - Cl\u00ednica Cuerpo y Color","robots":{"index":"index","follow":"follow","max-snippet":"max-snippet:-1","max-image-preview":"max-image-preview:large","max-video-preview":"max-video-preview:-1"},"canonical":"https:\/\/clinicacuerpoycolor.com.co\/en\/contacto\/","og_locale":"en_US","og_type":"article","og_title":"Contacto - Cl\u00ednica Cuerpo y Color","og_description":"Contacto Estamos atentos a cualquier inquietud o asistencia que puedas necesitar. Cont\u00e1ctenos a trav\u00e9s de los diferentes canales de comunicaci\u00f3n que tenemos, puedes escribirnos un mensaje directo o escribirnos a nuestro Whatsapp. Env\u00edanos un Mensaje Puedes enviarnos un mensaje directo desde nuestro sitio web o a trav\u00e9s de de nuestro n\u00famero de whatsapp. Atenci\u00f3n Lun-Vie: [&hellip;]","og_url":"https:\/\/clinicacuerpoycolor.com.co\/en\/contacto\/","og_site_name":"Cl\u00ednica Cuerpo y Color","article_modified_time":"2024-01-15T13:52:18+00:00","twitter_card":"summary_large_image","twitter_misc":{"Est. reading time":"1 minute"},"schema":{"@context":"https:\/\/schema.org","@graph":[{"@type":"WebPage","@id":"https:\/\/clinicacuerpoycolor.com.co\/contacto\/","url":"https:\/\/clinicacuerpoycolor.com.co\/contacto\/","name":"Contacto - Cl\u00ednica Cuerpo y Color","isPartOf":{"@id":"https:\/\/clinicacuerpoycolor.com.co\/#website"},"datePublished":"2022-09-28T18:22:19+00:00","dateModified":"2024-01-15T13:52:18+00:00","breadcrumb":{"@id":"https:\/\/clinicacuerpoycolor.com.co\/contacto\/#breadcrumb"},"inLanguage":"en-US","potentialAction":[{"@type":"ReadAction","target":["https:\/\/clinicacuerpoycolor.com.co\/contacto\/"]}]},{"@type":"BreadcrumbList","@id":"https:\/\/clinicacuerpoycolor.com.co\/contacto\/#breadcrumb","itemListElement":[{"@type":"ListItem","position":1,"name":"Portada","item":"https:\/\/clinicacuerpoycolor.com.co\/"},{"@type":"ListItem","position":2,"name":"Contacto"}]},{"@type":"WebSite","@id":"https:\/\/clinicacuerpoycolor.com.co\/#website","url":"https:\/\/clinicacuerpoycolor.com.co\/","name":"Cl\u00ednica Cuerpo y Color","description":"Cl&iacute;nica Est&eacute;tica en Cali","publisher":{"@id":"https:\/\/clinicacuerpoycolor.com.co\/#organization"},"potentialAction":[{"@type":"SearchAction","target":{"@type":"EntryPoint","urlTemplate":"https:\/\/clinicacuerpoycolor.com.co\/?s={search_term_string}"},"query-input":{"@type":"PropertyValueSpecification","valueRequired":true,"valueName":"search_term_string"}}],"inLanguage":"en-US"},{"@type":"Organization","@id":"https:\/\/clinicacuerpoycolor.com.co\/#organization","name":"Cl\u00ednica Cuerpo y Color","url":"https:\/\/clinicacuerpoycolor.com.co\/","logo":{"@type":"ImageObject","inLanguage":"en-US","@id":"https:\/\/clinicacuerpoycolor.com.co\/#\/schema\/logo\/image\/","url":"https:\/\/clinicacuerpoycolor.com.co\/wp-content\/uploads\/2022\/09\/logoCuerpoColor.png","contentUrl":"https:\/\/clinicacuerpoycolor.com.co\/wp-content\/uploads\/2022\/09\/logoCuerpoColor.png","width":350,"height":200,"caption":"Cl\u00ednica Cuerpo y Color"},"image":{"@id":"https:\/\/clinicacuerpoycolor.com.co\/#\/schema\/logo\/image\/"}}]}},"_links":{"self":[{"href":"https:\/\/clinicacuerpoycolor.com.co\/en\/wp-json\/wp\/v2\/pages\/395","targetHints":{"allow":["GET"]}}],"collection":[{"href":"https:\/\/clinicacuerpoycolor.com.co\/en\/wp-json\/wp\/v2\/pages"}],"about":[{"href":"https:\/\/clinicacuerpoycolor.com.co\/en\/wp-json\/wp\/v2\/types\/page"}],"author":[{"embeddable":true,"href":"https:\/\/clinicacuerpoycolor.com.co\/en\/wp-json\/wp\/v2\/users\/1"}],"replies":[{"embeddable":true,"href":"https:\/\/clinicacuerpoycolor.com.co\/en\/wp-json\/wp\/v2\/comments?post=395"}],"version-history":[{"count":67,"href":"https:\/\/clinicacuerpoycolor.com.co\/en\/wp-json\/wp\/v2\/pages\/395\/revisions"}],"predecessor-version":[{"id":1099,"href":"https:\/\/clinicacuerpoycolor.com.co\/en\/wp-json\/wp\/v2\/pages\/395\/revisions\/1099"}],"wp:attachment":[{"href":"https:\/\/clinicacuerpoycolor.com.co\/en\/wp-json\/wp\/v2\/media?parent=395"}],"curies":[{"name":"wp","href":"https:\/\/api.w.org\/{rel}","templated":true}]}}