{"id":571,"date":"2022-10-03T18:21:06","date_gmt":"2022-10-03T18:21:06","guid":{"rendered":"https:\/\/clinicacuerpoycolor.com.co\/?page_id=571"},"modified":"2022-10-04T22:29:01","modified_gmt":"2022-10-04T22:29:01","slug":"cirujanos","status":"publish","type":"page","link":"https:\/\/clinicacuerpoycolor.com.co\/en\/cirujanos\/","title":{"rendered":"Surgeons"},"content":{"rendered":"<div data-elementor-type=\"wp-page\" data-elementor-id=\"571\" class=\"elementor elementor-571\">\n\t\t\t\t\t\t<section class=\"elementor-section elementor-top-section elementor-element elementor-element-617bdbb7 elementor-section-content-middle elementor-section-boxed elementor-section-height-default elementor-section-height-default\" data-id=\"617bdbb7\" data-element_type=\"section\" data-settings=\"{&quot;background_background&quot;:&quot;gradient&quot;,&quot;mdp_selection_sticky_effect_enable&quot;:false}\">\n\t\t\t\t\t\t<div class=\"elementor-container elementor-column-gap-default\">\n\t\t\t\t\t<div class=\"elementor-column elementor-col-66 elementor-top-column elementor-element elementor-element-7e597806\" data-id=\"7e597806\" data-element_type=\"column\" data-settings=\"{&quot;mdp_selection_sticky_column_effect_enable&quot;:false}\">\n\t\t\t<div class=\"elementor-widget-wrap elementor-element-populated\">\n\t\t\t\t\t\t<div class=\"elementor-element elementor-element-70a18b01 elementor-invisible elementor-widget elementor-widget-heading\" data-id=\"70a18b01\" data-element_type=\"widget\" data-settings=\"{&quot;_animation&quot;:&quot;fadeInLeft&quot;}\" data-widget_type=\"heading.default\">\n\t\t\t\t<div class=\"elementor-widget-container\">\n\t\t\t\t\t<h1 class=\"elementor-heading-title elementor-size-default\">Surgeons<\/h1>\t\t\t\t<\/div>\n\t\t\t\t<\/div>\n\t\t\t\t<div class=\"elementor-element elementor-element-5fc1e308 elementor-invisible elementor-widget elementor-widget-text-editor\" data-id=\"5fc1e308\" data-element_type=\"widget\" data-settings=\"{&quot;_animation&quot;:&quot;zoomIn&quot;}\" data-widget_type=\"text-editor.default\">\n\t\t\t\t<div class=\"elementor-widget-container\">\n\t\t\t\t\t\t\t\t\t<p><strong>We work<\/strong> hand in hand with our <strong>surgeons<\/strong> to provide you with the greatest<strong> system<\/strong> and <strong>safety<\/strong> in all <strong>procedures<\/strong> performed in our <b>clinic<\/b>.<\/p>\t\t\t\t\t\t\t\t<\/div>\n\t\t\t\t<\/div>\n\t\t\t\t\t<\/div>\n\t\t<\/div>\n\t\t\t\t<div class=\"elementor-column elementor-col-33 elementor-top-column elementor-element elementor-element-39a80984 elementor-hidden-tablet elementor-hidden-phone\" data-id=\"39a80984\" data-element_type=\"column\" data-settings=\"{&quot;background_background&quot;:&quot;classic&quot;,&quot;mdp_selection_sticky_column_effect_enable&quot;:false}\">\n\t\t\t<div class=\"elementor-widget-wrap elementor-element-populated\">\n\t\t\t\t\t\t<div class=\"elementor-element elementor-element-3e85cbd elementor-invisible elementor-widget elementor-widget-image\" data-id=\"3e85cbd\" data-element_type=\"widget\" data-settings=\"{&quot;_animation&quot;:&quot;fadeInRight&quot;}\" data-widget_type=\"image.default\">\n\t\t\t\t<div class=\"elementor-widget-container\">\n\t\t\t\t\t\t\t\t\t\t\t\t\t\t\t<img fetchpriority=\"high\" decoding=\"async\" width=\"800\" height=\"450\" src=\"https:\/\/clinicacuerpoycolor.com.co\/wp-content\/uploads\/2022\/09\/cuerpo_y_color_slide_9-1024x576.jpg\" class=\"attachment-large size-large wp-image-286\" alt=\"\" srcset=\"https:\/\/clinicacuerpoycolor.com.co\/wp-content\/uploads\/2022\/09\/cuerpo_y_color_slide_9-1024x576.jpg 1024w, https:\/\/clinicacuerpoycolor.com.co\/wp-content\/uploads\/2022\/09\/cuerpo_y_color_slide_9-300x169.jpg 300w, https:\/\/clinicacuerpoycolor.com.co\/wp-content\/uploads\/2022\/09\/cuerpo_y_color_slide_9-768x432.jpg 768w, https:\/\/clinicacuerpoycolor.com.co\/wp-content\/uploads\/2022\/09\/cuerpo_y_color_slide_9-1536x864.jpg 1536w, https:\/\/clinicacuerpoycolor.com.co\/wp-content\/uploads\/2022\/09\/cuerpo_y_color_slide_9.jpg 1920w\" sizes=\"(max-width: 800px) 100vw, 800px\" \/>\t\t\t\t\t\t\t\t\t\t\t\t\t\t\t<\/div>\n\t\t\t\t<\/div>\n\t\t\t\t\t<\/div>\n\t\t<\/div>\n\t\t\t\t\t<\/div>\n\t\t<\/section>\n\t\t\t\t<section class=\"elementor-section elementor-top-section elementor-element elementor-element-7b8a7a5f elementor-section-boxed elementor-section-height-default elementor-section-height-default\" data-id=\"7b8a7a5f\" data-element_type=\"section\" data-settings=\"{&quot;mdp_selection_sticky_effect_enable&quot;:false}\">\n\t\t\t\t\t\t<div class=\"elementor-container elementor-column-gap-default\">\n\t\t\t\t\t<div class=\"elementor-column elementor-col-33 elementor-top-column elementor-element elementor-element-257ca9cb\" data-id=\"257ca9cb\" data-element_type=\"column\" data-settings=\"{&quot;mdp_selection_sticky_column_effect_enable&quot;:false}\">\n\t\t\t<div class=\"elementor-widget-wrap elementor-element-populated\">\n\t\t\t\t\t\t<div class=\"elementor-element elementor-element-54e473e7 e-transform elementor-invisible elementor-widget elementor-widget-image\" data-id=\"54e473e7\" data-element_type=\"widget\" data-settings=\"{&quot;_animation&quot;:&quot;fadeInLeft&quot;,&quot;_transform_scale_effect_hover&quot;:{&quot;unit&quot;:&quot;px&quot;,&quot;size&quot;:1.100000000000000088817841970012523233890533447265625,&quot;sizes&quot;:[]},&quot;_transform_scale_effect_hover_tablet&quot;:{&quot;unit&quot;:&quot;px&quot;,&quot;size&quot;:&quot;&quot;,&quot;sizes&quot;:[]},&quot;_transform_scale_effect_hover_mobile&quot;:{&quot;unit&quot;:&quot;px&quot;,&quot;size&quot;:&quot;&quot;,&quot;sizes&quot;:[]}}\" data-widget_type=\"image.default\">\n\t\t\t\t<div class=\"elementor-widget-container\">\n\t\t\t\t\t\t\t\t\t\t\t\t\t\t\t<img decoding=\"async\" data-src=\"https:\/\/clinicacuerpoycolor.com.co\/wp-content\/uploads\/elementor\/thumbs\/cuerpo_y_color_cirujano_pena-e1664338666403-pvetil1ohtpxq9t4l2qsvebfycor2lskx7j21q6ri0.jpg\" title=\"cuerpo_y_color_cirujano_pe\u00f1a\" alt=\"cuerpo_y_color_cirujano_pe\u00f1a\" src=\"data:image\/gif;base64,R0lGODlhAQABAAAAACH5BAEKAAEALAAAAAABAAEAAAICTAEAOw==\" class=\"lazyload\" style=\"--smush-placeholder-width: 300px; --smush-placeholder-aspect-ratio: 300\/300;\" \/>\t\t\t\t\t\t\t\t\t\t\t\t\t\t\t<\/div>\n\t\t\t\t<\/div>\n\t\t\t\t<div class=\"elementor-element elementor-element-13e8b8b7 elementor-invisible elementor-widget elementor-widget-heading\" data-id=\"13e8b8b7\" data-element_type=\"widget\" data-settings=\"{&quot;_animation&quot;:&quot;fadeInLeft&quot;}\" data-widget_type=\"heading.default\">\n\t\t\t\t<div class=\"elementor-widget-container\">\n\t\t\t\t\t<h5 class=\"elementor-heading-title elementor-size-default\">Dr. Humberto Pe\u00f1a<\/h5>\t\t\t\t<\/div>\n\t\t\t\t<\/div>\n\t\t\t\t<div class=\"elementor-element elementor-element-41b351f4 elementor-invisible elementor-widget elementor-widget-heading\" data-id=\"41b351f4\" data-element_type=\"widget\" data-settings=\"{&quot;_animation&quot;:&quot;fadeInLeft&quot;}\" data-widget_type=\"heading.default\">\n\t\t\t\t<div class=\"elementor-widget-container\">\n\t\t\t\t\t<p class=\"elementor-heading-title elementor-size-default\">Reconstructive Plastic Surgeon<\/p>\t\t\t\t<\/div>\n\t\t\t\t<\/div>\n\t\t\t\t<div class=\"elementor-element elementor-element-1e83d979 e-transform elementor-shape-rounded elementor-grid-0 e-grid-align-center elementor-invisible elementor-widget elementor-widget-social-icons\" data-id=\"1e83d979\" data-element_type=\"widget\" data-settings=\"{&quot;_animation&quot;:&quot;fadeInLeft&quot;,&quot;_transform_scale_effect_hover&quot;:{&quot;unit&quot;:&quot;px&quot;,&quot;size&quot;:1.100000000000000088817841970012523233890533447265625,&quot;sizes&quot;:[]},&quot;_transform_scale_effect_hover_tablet&quot;:{&quot;unit&quot;:&quot;px&quot;,&quot;size&quot;:&quot;&quot;,&quot;sizes&quot;:[]},&quot;_transform_scale_effect_hover_mobile&quot;:{&quot;unit&quot;:&quot;px&quot;,&quot;size&quot;:&quot;&quot;,&quot;sizes&quot;:[]}}\" data-widget_type=\"social-icons.default\">\n\t\t\t\t<div class=\"elementor-widget-container\">\n\t\t\t\t\t\t\t<div class=\"elementor-social-icons-wrapper elementor-grid\">\n\t\t\t\t\t\t\t<span class=\"elementor-grid-item\">\n\t\t\t\t\t<a class=\"elementor-icon elementor-social-icon elementor-social-icon-instagram elementor-repeater-item-3964133\" href=\"https:\/\/www.instagram.com\/drpena_cirujanoplastico\/\" target=\"_blank\">\n\t\t\t\t\t\t<span class=\"elementor-screen-only\">Instagram<\/span>\n\t\t\t\t\t\t<i class=\"fab fa-instagram\"><\/i>\t\t\t\t\t<\/a>\n\t\t\t\t<\/span>\n\t\t\t\t\t\t\t<span class=\"elementor-grid-item\">\n\t\t\t\t\t<a class=\"elementor-icon elementor-social-icon elementor-social-icon-linkedin elementor-repeater-item-0863cfc\" href=\"https:\/\/www.clinicasesteticas.com.co\/clinicas\/dr-humberto-pena\" target=\"_blank\">\n\t\t\t\t\t\t<span class=\"elementor-screen-only\">Linkedin<\/span>\n\t\t\t\t\t\t<i class=\"fab fa-linkedin\"><\/i>\t\t\t\t\t<\/a>\n\t\t\t\t<\/span>\n\t\t\t\t\t<\/div>\n\t\t\t\t\t\t<\/div>\n\t\t\t\t<\/div>\n\t\t\t\t\t<\/div>\n\t\t<\/div>\n\t\t\t\t<div class=\"elementor-column elementor-col-66 elementor-top-column elementor-element elementor-element-5f10bc36\" data-id=\"5f10bc36\" data-element_type=\"column\" data-settings=\"{&quot;mdp_selection_sticky_column_effect_enable&quot;:false}\">\n\t\t\t<div class=\"elementor-widget-wrap elementor-element-populated\">\n\t\t\t\t\t\t<div class=\"elementor-element elementor-element-fa5b2b1 elementor-invisible elementor-widget elementor-widget-text-editor\" data-id=\"fa5b2b1\" data-element_type=\"widget\" data-settings=\"{&quot;_animation&quot;:&quot;zoomIn&quot;}\" data-widget_type=\"text-editor.default\">\n\t\t\t\t<div class=\"elementor-widget-container\">\n\t\t\t\t\t\t\t\t\t<p>The\u00a0<strong>Dr. Humberto Pe\u00f1a<\/strong>\u00a0is a plastic, aesthetic and reconstructive surgeon, specialized in Buenos Aires, Argentina, currently practicing in Colombia and Ecuador. Thanks to his international training and long educational career, he has become a reference of quality and professional ethics in the city of Cali, where he has his private practice.<\/p><p>The doctor is a very perfectionist professional, so he keeps a close eye on every detail of his treatments, from the initial phase, i.e. the first check-ups, through the application of the treatment itself, and culminating with the post-operative recovery period.<\/p><p>In its work, it has the support of a team of professionals in the health area, with academic certification and a long experience in the world of aesthetic and plastic medicine.<\/p>\t\t\t\t\t\t\t\t<\/div>\n\t\t\t\t<\/div>\n\t\t\t\t\t<\/div>\n\t\t<\/div>\n\t\t\t\t\t<\/div>\n\t\t<\/section>\n\t\t\t\t<section class=\"elementor-section elementor-top-section elementor-element elementor-element-a645382 elementor-section-boxed elementor-section-height-default elementor-section-height-default\" data-id=\"a645382\" data-element_type=\"section\" data-settings=\"{&quot;mdp_selection_sticky_effect_enable&quot;:false}\">\n\t\t\t\t\t\t<div class=\"elementor-container elementor-column-gap-default\">\n\t\t\t\t\t<div class=\"elementor-column elementor-col-66 elementor-top-column elementor-element elementor-element-7f63e12\" data-id=\"7f63e12\" data-element_type=\"column\" data-settings=\"{&quot;mdp_selection_sticky_column_effect_enable&quot;:false}\">\n\t\t\t<div class=\"elementor-widget-wrap elementor-element-populated\">\n\t\t\t\t\t\t<div class=\"elementor-element elementor-element-43eeb21 elementor-invisible elementor-widget elementor-widget-text-editor\" data-id=\"43eeb21\" data-element_type=\"widget\" data-settings=\"{&quot;_animation&quot;:&quot;zoomIn&quot;}\" data-widget_type=\"text-editor.default\">\n\t\t\t\t<div class=\"elementor-widget-container\">\n\t\t\t\t\t\t\t\t\t<p style=\"text-align: right;\">The\u00a0<strong>Dr. Ramiro Farf\u00e1n Ram\u00edrez<\/strong>\u00a0is a surgeon, specialized in performing non-surgical aesthetic treatments and plastic surgeries. He qualified as a surgeon in\u00a0<strong>Universidad Libre<\/strong>Cali headquarters, and obtained his specialization in plastic and reconstructive surgery at the\u00a0<strong>Universidad de Ciencias m\u00e9dicas de la Habana\u00a0<\/strong>in agreement with the Hermanos Ameijeiras Hospital. Thanks to his international training, the doctor is at the forefront in the application of surgical and aesthetic techniques.<\/p><p style=\"text-align: right;\">The doctor has a team of medical professionals with high standards of warmth, which support him in every step of the procedures. Among them is his wife, who is an instrument maker graduated from the University of Santiago de Cali.<\/p>\t\t\t\t\t\t\t\t<\/div>\n\t\t\t\t<\/div>\n\t\t\t\t\t<\/div>\n\t\t<\/div>\n\t\t\t\t<div class=\"elementor-column elementor-col-33 elementor-top-column elementor-element elementor-element-77e7ada\" data-id=\"77e7ada\" data-element_type=\"column\" data-settings=\"{&quot;mdp_selection_sticky_column_effect_enable&quot;:false}\">\n\t\t\t<div class=\"elementor-widget-wrap elementor-element-populated\">\n\t\t\t\t\t\t<div class=\"elementor-element elementor-element-500e58b1 e-transform elementor-invisible elementor-widget elementor-widget-image\" data-id=\"500e58b1\" data-element_type=\"widget\" data-settings=\"{&quot;_animation&quot;:&quot;fadeInRight&quot;,&quot;_transform_scale_effect_hover&quot;:{&quot;unit&quot;:&quot;px&quot;,&quot;size&quot;:1.100000000000000088817841970012523233890533447265625,&quot;sizes&quot;:[]},&quot;_transform_scale_effect_hover_tablet&quot;:{&quot;unit&quot;:&quot;px&quot;,&quot;size&quot;:&quot;&quot;,&quot;sizes&quot;:[]},&quot;_transform_scale_effect_hover_mobile&quot;:{&quot;unit&quot;:&quot;px&quot;,&quot;size&quot;:&quot;&quot;,&quot;sizes&quot;:[]}}\" data-widget_type=\"image.default\">\n\t\t\t\t<div class=\"elementor-widget-container\">\n\t\t\t\t\t\t\t\t\t\t\t\t\t\t\t<img decoding=\"async\" data-src=\"https:\/\/clinicacuerpoycolor.com.co\/wp-content\/uploads\/elementor\/thumbs\/cuerpo_y_color_cirujano_farfan-pvet482g2y28cqo2fv9zs0rx8fgvh2s7m4q03jhak8.jpg\" title=\"cuerpo_y_color_cirujano_farfan\" alt=\"cuerpo_y_color_cirujano_farfan\" src=\"data:image\/gif;base64,R0lGODlhAQABAAAAACH5BAEKAAEALAAAAAABAAEAAAICTAEAOw==\" class=\"lazyload\" style=\"--smush-placeholder-width: 300px; --smush-placeholder-aspect-ratio: 300\/300;\" \/>\t\t\t\t\t\t\t\t\t\t\t\t\t\t\t<\/div>\n\t\t\t\t<\/div>\n\t\t\t\t<div class=\"elementor-element elementor-element-8f63ca4 elementor-invisible elementor-widget elementor-widget-heading\" data-id=\"8f63ca4\" data-element_type=\"widget\" data-settings=\"{&quot;_animation&quot;:&quot;fadeInRight&quot;}\" data-widget_type=\"heading.default\">\n\t\t\t\t<div class=\"elementor-widget-container\">\n\t\t\t\t\t<h5 class=\"elementor-heading-title elementor-size-default\">Dr. Ramiro Farfan<\/h5>\t\t\t\t<\/div>\n\t\t\t\t<\/div>\n\t\t\t\t<div class=\"elementor-element elementor-element-9998cf8 elementor-invisible elementor-widget elementor-widget-heading\" data-id=\"9998cf8\" data-element_type=\"widget\" data-settings=\"{&quot;_animation&quot;:&quot;fadeInRight&quot;}\" data-widget_type=\"heading.default\">\n\t\t\t\t<div class=\"elementor-widget-container\">\n\t\t\t\t\t<p class=\"elementor-heading-title elementor-size-default\">Reconstructive Plastic Surgeon<\/p>\t\t\t\t<\/div>\n\t\t\t\t<\/div>\n\t\t\t\t<div class=\"elementor-element elementor-element-3a90645 e-transform elementor-shape-rounded elementor-grid-0 e-grid-align-center elementor-invisible elementor-widget elementor-widget-social-icons\" data-id=\"3a90645\" data-element_type=\"widget\" data-settings=\"{&quot;_animation&quot;:&quot;fadeInRight&quot;,&quot;_transform_scale_effect_hover&quot;:{&quot;unit&quot;:&quot;px&quot;,&quot;size&quot;:1.100000000000000088817841970012523233890533447265625,&quot;sizes&quot;:[]},&quot;_transform_scale_effect_hover_tablet&quot;:{&quot;unit&quot;:&quot;px&quot;,&quot;size&quot;:&quot;&quot;,&quot;sizes&quot;:[]},&quot;_transform_scale_effect_hover_mobile&quot;:{&quot;unit&quot;:&quot;px&quot;,&quot;size&quot;:&quot;&quot;,&quot;sizes&quot;:[]}}\" data-widget_type=\"social-icons.default\">\n\t\t\t\t<div class=\"elementor-widget-container\">\n\t\t\t\t\t\t\t<div class=\"elementor-social-icons-wrapper elementor-grid\">\n\t\t\t\t\t\t\t<span class=\"elementor-grid-item\">\n\t\t\t\t\t<a class=\"elementor-icon elementor-social-icon elementor-social-icon-instagram elementor-repeater-item-3964133\" href=\"https:\/\/www.instagram.com\/dr.ramirofarfan\/\" target=\"_blank\">\n\t\t\t\t\t\t<span class=\"elementor-screen-only\">Instagram<\/span>\n\t\t\t\t\t\t<i class=\"fab fa-instagram\"><\/i>\t\t\t\t\t<\/a>\n\t\t\t\t<\/span>\n\t\t\t\t\t\t\t<span class=\"elementor-grid-item\">\n\t\t\t\t\t<a class=\"elementor-icon elementor-social-icon elementor-social-icon-linkedin elementor-repeater-item-0863cfc\" href=\"https:\/\/www.clinicasesteticas.com.co\/clinicas\/dr-ramiro-farfan-ramirez\" target=\"_blank\">\n\t\t\t\t\t\t<span class=\"elementor-screen-only\">Linkedin<\/span>\n\t\t\t\t\t\t<i class=\"fab fa-linkedin\"><\/i>\t\t\t\t\t<\/a>\n\t\t\t\t<\/span>\n\t\t\t\t\t<\/div>\n\t\t\t\t\t\t<\/div>\n\t\t\t\t<\/div>\n\t\t\t\t\t<\/div>\n\t\t<\/div>\n\t\t\t\t\t<\/div>\n\t\t<\/section>\n\t\t\t\t<\/div>","protected":false},"excerpt":{"rendered":"<p>Cirujanos Trabajamos de la mano con nuestros cirujanos para brindarle la mayor calidad y seguridad en todos los procedimientos realizados en nuestra cl\u00ednica. Dr. Humberto Pe\u00f1a Cirujano Pl\u00e1stico Reconstructivo Instagram Linkedin El\u00a0Dr. Humberto Pe\u00f1a\u00a0es un cirujano pl\u00e1stico, est\u00e9tico y reconstructivo, especializado en Buenos Aires, Argentina, que actualmente ejerce en Colombia y Ecuador. Gracias a su [&hellip;]<\/p>","protected":false},"author":1,"featured_media":0,"parent":0,"menu_order":0,"comment_status":"closed","ping_status":"closed","template":"","meta":{"_monsterinsights_skip_tracking":false,"_monsterinsights_sitenote_active":false,"_monsterinsights_sitenote_note":"","_monsterinsights_sitenote_category":0,"footnotes":""},"class_list":["post-571","page","type-page","status-publish","hentry"],"yoast_head":"<!-- This site is optimized with the Yoast SEO plugin v24.4 - https:\/\/yoast.com\/wordpress\/plugins\/seo\/ -->\n<title>Cirujanos - Cl\u00ednica Cuerpo y Color<\/title>\n<meta name=\"robots\" content=\"index, follow, max-snippet:-1, max-image-preview:large, max-video-preview:-1\" \/>\n<link rel=\"canonical\" href=\"https:\/\/clinicacuerpoycolor.com.co\/en\/cirujanos\/\" \/>\n<meta property=\"og:locale\" content=\"en_US\" \/>\n<meta property=\"og:type\" content=\"article\" \/>\n<meta property=\"og:title\" content=\"Cirujanos - Cl\u00ednica Cuerpo y Color\" \/>\n<meta property=\"og:description\" content=\"Cirujanos Trabajamos de la mano con nuestros cirujanos para brindarle la mayor calidad y seguridad en todos los procedimientos realizados en nuestra cl\u00ednica. Dr. Humberto Pe\u00f1a Cirujano Pl\u00e1stico Reconstructivo Instagram Linkedin El\u00a0Dr. Humberto Pe\u00f1a\u00a0es un cirujano pl\u00e1stico, est\u00e9tico y reconstructivo, especializado en Buenos Aires, Argentina, que actualmente ejerce en Colombia y Ecuador. Gracias a su [&hellip;]\" \/>\n<meta property=\"og:url\" content=\"https:\/\/clinicacuerpoycolor.com.co\/en\/cirujanos\/\" \/>\n<meta property=\"og:site_name\" content=\"Cl\u00ednica Cuerpo y Color\" \/>\n<meta property=\"article:modified_time\" content=\"2022-10-04T22:29:01+00:00\" \/>\n<meta property=\"og:image\" content=\"https:\/\/clinicacuerpoycolor.com.co\/wp-content\/uploads\/2022\/09\/cuerpo_y_color_slide_9-1024x576.jpg\" \/>\n<meta name=\"twitter:card\" content=\"summary_large_image\" \/>\n<meta name=\"twitter:label1\" content=\"Est. reading time\" \/>\n\t<meta name=\"twitter:data1\" content=\"2 minutes\" \/>\n<script type=\"application\/ld+json\" class=\"yoast-schema-graph\">{\"@context\":\"https:\/\/schema.org\",\"@graph\":[{\"@type\":\"WebPage\",\"@id\":\"https:\/\/clinicacuerpoycolor.com.co\/cirujanos\/\",\"url\":\"https:\/\/clinicacuerpoycolor.com.co\/cirujanos\/\",\"name\":\"Cirujanos - Cl\u00ednica Cuerpo y Color\",\"isPartOf\":{\"@id\":\"https:\/\/clinicacuerpoycolor.com.co\/#website\"},\"primaryImageOfPage\":{\"@id\":\"https:\/\/clinicacuerpoycolor.com.co\/cirujanos\/#primaryimage\"},\"image\":{\"@id\":\"https:\/\/clinicacuerpoycolor.com.co\/cirujanos\/#primaryimage\"},\"thumbnailUrl\":\"https:\/\/clinicacuerpoycolor.com.co\/wp-content\/uploads\/2022\/09\/cuerpo_y_color_slide_9-1024x576.jpg\",\"datePublished\":\"2022-10-03T18:21:06+00:00\",\"dateModified\":\"2022-10-04T22:29:01+00:00\",\"breadcrumb\":{\"@id\":\"https:\/\/clinicacuerpoycolor.com.co\/cirujanos\/#breadcrumb\"},\"inLanguage\":\"en-US\",\"potentialAction\":[{\"@type\":\"ReadAction\",\"target\":[\"https:\/\/clinicacuerpoycolor.com.co\/cirujanos\/\"]}]},{\"@type\":\"ImageObject\",\"inLanguage\":\"en-US\",\"@id\":\"https:\/\/clinicacuerpoycolor.com.co\/cirujanos\/#primaryimage\",\"url\":\"https:\/\/clinicacuerpoycolor.com.co\/wp-content\/uploads\/2022\/09\/cuerpo_y_color_slide_9-1024x576.jpg\",\"contentUrl\":\"https:\/\/clinicacuerpoycolor.com.co\/wp-content\/uploads\/2022\/09\/cuerpo_y_color_slide_9-1024x576.jpg\"},{\"@type\":\"BreadcrumbList\",\"@id\":\"https:\/\/clinicacuerpoycolor.com.co\/cirujanos\/#breadcrumb\",\"itemListElement\":[{\"@type\":\"ListItem\",\"position\":1,\"name\":\"Portada\",\"item\":\"https:\/\/clinicacuerpoycolor.com.co\/\"},{\"@type\":\"ListItem\",\"position\":2,\"name\":\"Cirujanos\"}]},{\"@type\":\"WebSite\",\"@id\":\"https:\/\/clinicacuerpoycolor.com.co\/#website\",\"url\":\"https:\/\/clinicacuerpoycolor.com.co\/\",\"name\":\"Cl\u00ednica Cuerpo y Color\",\"description\":\"Cl&iacute;nica Est&eacute;tica en Cali\",\"publisher\":{\"@id\":\"https:\/\/clinicacuerpoycolor.com.co\/#organization\"},\"potentialAction\":[{\"@type\":\"SearchAction\",\"target\":{\"@type\":\"EntryPoint\",\"urlTemplate\":\"https:\/\/clinicacuerpoycolor.com.co\/?s={search_term_string}\"},\"query-input\":{\"@type\":\"PropertyValueSpecification\",\"valueRequired\":true,\"valueName\":\"search_term_string\"}}],\"inLanguage\":\"en-US\"},{\"@type\":\"Organization\",\"@id\":\"https:\/\/clinicacuerpoycolor.com.co\/#organization\",\"name\":\"Cl\u00ednica Cuerpo y Color\",\"url\":\"https:\/\/clinicacuerpoycolor.com.co\/\",\"logo\":{\"@type\":\"ImageObject\",\"inLanguage\":\"en-US\",\"@id\":\"https:\/\/clinicacuerpoycolor.com.co\/#\/schema\/logo\/image\/\",\"url\":\"https:\/\/clinicacuerpoycolor.com.co\/wp-content\/uploads\/2022\/09\/logoCuerpoColor.png\",\"contentUrl\":\"https:\/\/clinicacuerpoycolor.com.co\/wp-content\/uploads\/2022\/09\/logoCuerpoColor.png\",\"width\":350,\"height\":200,\"caption\":\"Cl\u00ednica Cuerpo y Color\"},\"image\":{\"@id\":\"https:\/\/clinicacuerpoycolor.com.co\/#\/schema\/logo\/image\/\"}}]}<\/script>\n<!-- \/ Yoast SEO plugin. -->","yoast_head_json":{"title":"Cirujanos - Cl\u00ednica Cuerpo y Color","robots":{"index":"index","follow":"follow","max-snippet":"max-snippet:-1","max-image-preview":"max-image-preview:large","max-video-preview":"max-video-preview:-1"},"canonical":"https:\/\/clinicacuerpoycolor.com.co\/en\/cirujanos\/","og_locale":"en_US","og_type":"article","og_title":"Cirujanos - Cl\u00ednica Cuerpo y Color","og_description":"Cirujanos Trabajamos de la mano con nuestros cirujanos para brindarle la mayor calidad y seguridad en todos los procedimientos realizados en nuestra cl\u00ednica. Dr. Humberto Pe\u00f1a Cirujano Pl\u00e1stico Reconstructivo Instagram Linkedin El\u00a0Dr. Humberto Pe\u00f1a\u00a0es un cirujano pl\u00e1stico, est\u00e9tico y reconstructivo, especializado en Buenos Aires, Argentina, que actualmente ejerce en Colombia y Ecuador. Gracias a su [&hellip;]","og_url":"https:\/\/clinicacuerpoycolor.com.co\/en\/cirujanos\/","og_site_name":"Cl\u00ednica Cuerpo y Color","article_modified_time":"2022-10-04T22:29:01+00:00","og_image":[{"url":"https:\/\/clinicacuerpoycolor.com.co\/wp-content\/uploads\/2022\/09\/cuerpo_y_color_slide_9-1024x576.jpg","type":"","width":"","height":""}],"twitter_card":"summary_large_image","twitter_misc":{"Est. reading time":"2 minutes"},"schema":{"@context":"https:\/\/schema.org","@graph":[{"@type":"WebPage","@id":"https:\/\/clinicacuerpoycolor.com.co\/cirujanos\/","url":"https:\/\/clinicacuerpoycolor.com.co\/cirujanos\/","name":"Cirujanos - Cl\u00ednica Cuerpo y Color","isPartOf":{"@id":"https:\/\/clinicacuerpoycolor.com.co\/#website"},"primaryImageOfPage":{"@id":"https:\/\/clinicacuerpoycolor.com.co\/cirujanos\/#primaryimage"},"image":{"@id":"https:\/\/clinicacuerpoycolor.com.co\/cirujanos\/#primaryimage"},"thumbnailUrl":"https:\/\/clinicacuerpoycolor.com.co\/wp-content\/uploads\/2022\/09\/cuerpo_y_color_slide_9-1024x576.jpg","datePublished":"2022-10-03T18:21:06+00:00","dateModified":"2022-10-04T22:29:01+00:00","breadcrumb":{"@id":"https:\/\/clinicacuerpoycolor.com.co\/cirujanos\/#breadcrumb"},"inLanguage":"en-US","potentialAction":[{"@type":"ReadAction","target":["https:\/\/clinicacuerpoycolor.com.co\/cirujanos\/"]}]},{"@type":"ImageObject","inLanguage":"en-US","@id":"https:\/\/clinicacuerpoycolor.com.co\/cirujanos\/#primaryimage","url":"https:\/\/clinicacuerpoycolor.com.co\/wp-content\/uploads\/2022\/09\/cuerpo_y_color_slide_9-1024x576.jpg","contentUrl":"https:\/\/clinicacuerpoycolor.com.co\/wp-content\/uploads\/2022\/09\/cuerpo_y_color_slide_9-1024x576.jpg"},{"@type":"BreadcrumbList","@id":"https:\/\/clinicacuerpoycolor.com.co\/cirujanos\/#breadcrumb","itemListElement":[{"@type":"ListItem","position":1,"name":"Portada","item":"https:\/\/clinicacuerpoycolor.com.co\/"},{"@type":"ListItem","position":2,"name":"Cirujanos"}]},{"@type":"WebSite","@id":"https:\/\/clinicacuerpoycolor.com.co\/#website","url":"https:\/\/clinicacuerpoycolor.com.co\/","name":"Cl\u00ednica Cuerpo y Color","description":"Cl&iacute;nica Est&eacute;tica en Cali","publisher":{"@id":"https:\/\/clinicacuerpoycolor.com.co\/#organization"},"potentialAction":[{"@type":"SearchAction","target":{"@type":"EntryPoint","urlTemplate":"https:\/\/clinicacuerpoycolor.com.co\/?s={search_term_string}"},"query-input":{"@type":"PropertyValueSpecification","valueRequired":true,"valueName":"search_term_string"}}],"inLanguage":"en-US"},{"@type":"Organization","@id":"https:\/\/clinicacuerpoycolor.com.co\/#organization","name":"Cl\u00ednica Cuerpo y Color","url":"https:\/\/clinicacuerpoycolor.com.co\/","logo":{"@type":"ImageObject","inLanguage":"en-US","@id":"https:\/\/clinicacuerpoycolor.com.co\/#\/schema\/logo\/image\/","url":"https:\/\/clinicacuerpoycolor.com.co\/wp-content\/uploads\/2022\/09\/logoCuerpoColor.png","contentUrl":"https:\/\/clinicacuerpoycolor.com.co\/wp-content\/uploads\/2022\/09\/logoCuerpoColor.png","width":350,"height":200,"caption":"Cl\u00ednica Cuerpo y Color"},"image":{"@id":"https:\/\/clinicacuerpoycolor.com.co\/#\/schema\/logo\/image\/"}}]}},"_links":{"self":[{"href":"https:\/\/clinicacuerpoycolor.com.co\/en\/wp-json\/wp\/v2\/pages\/571","targetHints":{"allow":["GET"]}}],"collection":[{"href":"https:\/\/clinicacuerpoycolor.com.co\/en\/wp-json\/wp\/v2\/pages"}],"about":[{"href":"https:\/\/clinicacuerpoycolor.com.co\/en\/wp-json\/wp\/v2\/types\/page"}],"author":[{"embeddable":true,"href":"https:\/\/clinicacuerpoycolor.com.co\/en\/wp-json\/wp\/v2\/users\/1"}],"replies":[{"embeddable":true,"href":"https:\/\/clinicacuerpoycolor.com.co\/en\/wp-json\/wp\/v2\/comments?post=571"}],"version-history":[{"count":13,"href":"https:\/\/clinicacuerpoycolor.com.co\/en\/wp-json\/wp\/v2\/pages\/571\/revisions"}],"predecessor-version":[{"id":716,"href":"https:\/\/clinicacuerpoycolor.com.co\/en\/wp-json\/wp\/v2\/pages\/571\/revisions\/716"}],"wp:attachment":[{"href":"https:\/\/clinicacuerpoycolor.com.co\/en\/wp-json\/wp\/v2\/media?parent=571"}],"curies":[{"name":"wp","href":"https:\/\/api.w.org\/{rel}","templated":true}]}}