{"id":638,"date":"2022-10-03T23:03:25","date_gmt":"2022-10-03T23:03:25","guid":{"rendered":"https:\/\/clinicacuerpoycolor.com.co\/?page_id=638"},"modified":"2023-12-27T19:04:49","modified_gmt":"2023-12-27T19:04:49","slug":"legal","status":"publish","type":"page","link":"https:\/\/clinicacuerpoycolor.com.co\/en\/legal\/","title":{"rendered":"legal"},"content":{"rendered":"<div data-elementor-type=\"wp-page\" data-elementor-id=\"638\" class=\"elementor elementor-638\">\n\t\t\t\t\t\t<section class=\"elementor-section elementor-top-section elementor-element elementor-element-01211ee elementor-section-boxed elementor-section-height-default elementor-section-height-default\" data-id=\"01211ee\" data-element_type=\"section\" data-settings=\"{&quot;mdp_selection_sticky_effect_enable&quot;:false}\">\n\t\t\t\t\t\t<div class=\"elementor-container elementor-column-gap-default\">\n\t\t\t\t\t<div class=\"elementor-column elementor-col-100 elementor-top-column elementor-element elementor-element-ef21c3c\" data-id=\"ef21c3c\" data-element_type=\"column\" data-settings=\"{&quot;mdp_selection_sticky_column_effect_enable&quot;:false}\">\n\t\t\t<div class=\"elementor-widget-wrap elementor-element-populated\">\n\t\t\t\t\t\t<div class=\"elementor-element elementor-element-54f8d61 elementor-widget elementor-widget-heading\" data-id=\"54f8d61\" data-element_type=\"widget\" data-widget_type=\"heading.default\">\n\t\t\t\t<div class=\"elementor-widget-container\">\n\t\t\t\t\t<h3 class=\"elementor-heading-title elementor-size-default\">Legal<\/h3>\t\t\t\t<\/div>\n\t\t\t\t<\/div>\n\t\t\t\t<div class=\"elementor-element elementor-element-dabf6fd elementor-widget elementor-widget-heading\" data-id=\"dabf6fd\" data-element_type=\"widget\" data-widget_type=\"heading.default\">\n\t\t\t\t<div class=\"elementor-widget-container\">\n\t\t\t\t\t<h3 class=\"elementor-heading-title elementor-size-default\">requirements<\/h3>\t\t\t\t<\/div>\n\t\t\t\t<\/div>\n\t\t\t\t<section class=\"elementor-section elementor-inner-section elementor-element elementor-element-3a001e0 elementor-section-full_width elementor-section-height-default elementor-section-height-default\" data-id=\"3a001e0\" data-element_type=\"section\" data-settings=\"{&quot;mdp_selection_sticky_effect_enable&quot;:false}\">\n\t\t\t\t\t\t<div class=\"elementor-container elementor-column-gap-default\">\n\t\t\t\t\t<div class=\"elementor-column elementor-col-50 elementor-inner-column elementor-element elementor-element-cab2e43\" data-id=\"cab2e43\" data-element_type=\"column\" data-settings=\"{&quot;mdp_selection_sticky_column_effect_enable&quot;:false}\">\n\t\t\t<div class=\"elementor-widget-wrap elementor-element-populated\">\n\t\t\t\t\t\t<div class=\"elementor-element elementor-element-348b9b1 elementor-widget elementor-widget-text-editor\" data-id=\"348b9b1\" data-element_type=\"widget\" data-widget_type=\"text-editor.default\">\n\t\t\t\t<div class=\"elementor-widget-container\">\n\t\t\t\t\t\t\t\t\t<p>Our <strong>clinic<\/strong> is <strong>committed<\/strong> to adopting the quality assurance <strong>system<\/strong> in health care in <strong>a comprehensive manner<\/strong> through <strong>continuous control<\/strong> and <strong>improvement<\/strong> and improvement <strong>of all its processes.<\/strong>.<\/p>\t\t\t\t\t\t\t\t<\/div>\n\t\t\t\t<\/div>\n\t\t\t\t\t<\/div>\n\t\t<\/div>\n\t\t\t\t<div class=\"elementor-column elementor-col-50 elementor-inner-column elementor-element elementor-element-8d93cc4\" data-id=\"8d93cc4\" data-element_type=\"column\" data-settings=\"{&quot;mdp_selection_sticky_column_effect_enable&quot;:false}\">\n\t\t\t<div class=\"elementor-widget-wrap\">\n\t\t\t\t\t\t\t<\/div>\n\t\t<\/div>\n\t\t\t\t\t<\/div>\n\t\t<\/section>\n\t\t\t\t\t<\/div>\n\t\t<\/div>\n\t\t\t\t\t<\/div>\n\t\t<\/section>\n\t\t\t\t<section class=\"elementor-section elementor-top-section elementor-element elementor-element-36a605a elementor-hidden-desktop elementor-hidden-tablet elementor-hidden-mobile elementor-section-boxed elementor-section-height-default elementor-section-height-default\" data-id=\"36a605a\" data-element_type=\"section\" data-settings=\"{&quot;mdp_selection_sticky_effect_enable&quot;:false}\">\n\t\t\t\t\t\t<div class=\"elementor-container elementor-column-gap-default\">\n\t\t\t\t\t<div class=\"elementor-column elementor-col-50 elementor-top-column elementor-element elementor-element-5d6c419\" data-id=\"5d6c419\" data-element_type=\"column\" data-settings=\"{&quot;mdp_selection_sticky_column_effect_enable&quot;:false}\">\n\t\t\t<div class=\"elementor-widget-wrap elementor-element-populated\">\n\t\t\t\t\t\t<div class=\"elementor-element elementor-element-0ad935e elementor-widget elementor-widget-heading\" data-id=\"0ad935e\" data-element_type=\"widget\" data-widget_type=\"heading.default\">\n\t\t\t\t<div class=\"elementor-widget-container\">\n\t\t\t\t\t<h4 class=\"elementor-heading-title elementor-size-default\">PPSS<\/h4>\t\t\t\t<\/div>\n\t\t\t\t<\/div>\n\t\t\t\t<div class=\"elementor-element elementor-element-c44e858 elementor-widget elementor-widget-text-editor\" data-id=\"c44e858\" data-element_type=\"widget\" data-widget_type=\"text-editor.default\">\n\t\t\t\t<div class=\"elementor-widget-container\">\n\t\t\t\t\t\t\t\t\t<p>Social Health Public Policy<\/p>\t\t\t\t\t\t\t\t<\/div>\n\t\t\t\t<\/div>\n\t\t\t\t\t<\/div>\n\t\t<\/div>\n\t\t\t\t<div class=\"elementor-column elementor-col-50 elementor-top-column elementor-element elementor-element-0561c98\" data-id=\"0561c98\" data-element_type=\"column\" data-settings=\"{&quot;mdp_selection_sticky_column_effect_enable&quot;:false}\">\n\t\t\t<div class=\"elementor-widget-wrap elementor-element-populated\">\n\t\t\t\t\t\t<div class=\"elementor-element elementor-element-5ee5d46 elementor-widget elementor-widget-heading\" data-id=\"5ee5d46\" data-element_type=\"widget\" data-widget_type=\"heading.default\">\n\t\t\t\t<div class=\"elementor-widget-container\">\n\t\t\t\t\t<h4 class=\"elementor-heading-title elementor-size-default\">Financial Statements<\/h4>\t\t\t\t<\/div>\n\t\t\t\t<\/div>\n\t\t\t\t<div class=\"elementor-element elementor-element-0e7dc85 elementor-widget elementor-widget-text-editor\" data-id=\"0e7dc85\" data-element_type=\"widget\" data-widget_type=\"text-editor.default\">\n\t\t\t\t<div class=\"elementor-widget-container\">\n\t\t\t\t\t\t\t\t\t<p>In compliance with legal requirements we publish our financial statements.<\/p>\t\t\t\t\t\t\t\t<\/div>\n\t\t\t\t<\/div>\n\t\t\t\t<div class=\"elementor-element elementor-element-8d251b0 elementor-widget elementor-widget-button\" data-id=\"8d251b0\" data-element_type=\"widget\" data-widget_type=\"button.default\">\n\t\t\t\t<div class=\"elementor-widget-container\">\n\t\t\t\t\t\t\t\t\t<div class=\"elementor-button-wrapper\">\n\t\t\t\t\t<a class=\"elementor-button elementor-button-link elementor-size-sm\" href=\"https:\/\/clinicacuerpoycolor.com.co\/wp-content\/uploads\/2022\/10\/cuepor_y_color_estados_financieros_2021.pdf\" target=\"_blank\">\n\t\t\t\t\t\t<span class=\"elementor-button-content-wrapper\">\n\t\t\t\t\t\t\t\t\t<span class=\"elementor-button-text\">Financial Statements 2021<\/span>\n\t\t\t\t\t<\/span>\n\t\t\t\t\t<\/a>\n\t\t\t\t<\/div>\n\t\t\t\t\t\t\t\t<\/div>\n\t\t\t\t<\/div>\n\t\t\t\t\t<\/div>\n\t\t<\/div>\n\t\t\t\t\t<\/div>\n\t\t<\/section>\n\t\t\t\t<\/div>","protected":false},"excerpt":{"rendered":"<p>Requisitos Legales Nuestra cl\u00ednica se ha comprometido en adoptar el sistema de garant\u00eda de calidad en la atenci\u00f3n en salud de manera integral a trav\u00e9s del control y mejoramiento continuo de todos sus procesos. PPSS Pol\u00edtica Publica de Salud Social Estados Financieros En cumplimiento con los requisitos legales publicamos nuestros estados financieros. Estados Financieros 2021<\/p>","protected":false},"author":1,"featured_media":0,"parent":0,"menu_order":0,"comment_status":"closed","ping_status":"closed","template":"","meta":{"_monsterinsights_skip_tracking":false,"_monsterinsights_sitenote_active":false,"_monsterinsights_sitenote_note":"","_monsterinsights_sitenote_category":0,"footnotes":""},"class_list":["post-638","page","type-page","status-publish","hentry"],"yoast_head":"<!-- This site is optimized with the Yoast SEO plugin v24.4 - https:\/\/yoast.com\/wordpress\/plugins\/seo\/ -->\n<title>legal - Cl\u00ednica Cuerpo y Color<\/title>\n<meta name=\"robots\" content=\"index, follow, max-snippet:-1, max-image-preview:large, max-video-preview:-1\" \/>\n<link rel=\"canonical\" href=\"https:\/\/clinicacuerpoycolor.com.co\/en\/legal\/\" \/>\n<meta property=\"og:locale\" content=\"en_US\" \/>\n<meta property=\"og:type\" content=\"article\" \/>\n<meta property=\"og:title\" content=\"legal - Cl\u00ednica Cuerpo y Color\" \/>\n<meta property=\"og:description\" content=\"Requisitos Legales Nuestra cl\u00ednica se ha comprometido en adoptar el sistema de garant\u00eda de calidad en la atenci\u00f3n en salud de manera integral a trav\u00e9s del control y mejoramiento continuo de todos sus procesos. PPSS Pol\u00edtica Publica de Salud Social Estados Financieros En cumplimiento con los requisitos legales publicamos nuestros estados financieros. Estados Financieros 2021\" \/>\n<meta property=\"og:url\" content=\"https:\/\/clinicacuerpoycolor.com.co\/en\/legal\/\" \/>\n<meta property=\"og:site_name\" content=\"Cl\u00ednica Cuerpo y Color\" \/>\n<meta property=\"article:modified_time\" content=\"2023-12-27T19:04:49+00:00\" \/>\n<meta name=\"twitter:card\" content=\"summary_large_image\" \/>\n<meta name=\"twitter:label1\" content=\"Est. reading time\" \/>\n\t<meta name=\"twitter:data1\" content=\"1 minute\" \/>\n<script type=\"application\/ld+json\" class=\"yoast-schema-graph\">{\"@context\":\"https:\/\/schema.org\",\"@graph\":[{\"@type\":\"WebPage\",\"@id\":\"https:\/\/clinicacuerpoycolor.com.co\/legal\/\",\"url\":\"https:\/\/clinicacuerpoycolor.com.co\/legal\/\",\"name\":\"legal - Cl\u00ednica Cuerpo y Color\",\"isPartOf\":{\"@id\":\"https:\/\/clinicacuerpoycolor.com.co\/#website\"},\"datePublished\":\"2022-10-03T23:03:25+00:00\",\"dateModified\":\"2023-12-27T19:04:49+00:00\",\"breadcrumb\":{\"@id\":\"https:\/\/clinicacuerpoycolor.com.co\/legal\/#breadcrumb\"},\"inLanguage\":\"en-US\",\"potentialAction\":[{\"@type\":\"ReadAction\",\"target\":[\"https:\/\/clinicacuerpoycolor.com.co\/legal\/\"]}]},{\"@type\":\"BreadcrumbList\",\"@id\":\"https:\/\/clinicacuerpoycolor.com.co\/legal\/#breadcrumb\",\"itemListElement\":[{\"@type\":\"ListItem\",\"position\":1,\"name\":\"Portada\",\"item\":\"https:\/\/clinicacuerpoycolor.com.co\/\"},{\"@type\":\"ListItem\",\"position\":2,\"name\":\"legal\"}]},{\"@type\":\"WebSite\",\"@id\":\"https:\/\/clinicacuerpoycolor.com.co\/#website\",\"url\":\"https:\/\/clinicacuerpoycolor.com.co\/\",\"name\":\"Cl\u00ednica Cuerpo y Color\",\"description\":\"Cl&iacute;nica Est&eacute;tica en Cali\",\"publisher\":{\"@id\":\"https:\/\/clinicacuerpoycolor.com.co\/#organization\"},\"potentialAction\":[{\"@type\":\"SearchAction\",\"target\":{\"@type\":\"EntryPoint\",\"urlTemplate\":\"https:\/\/clinicacuerpoycolor.com.co\/?s={search_term_string}\"},\"query-input\":{\"@type\":\"PropertyValueSpecification\",\"valueRequired\":true,\"valueName\":\"search_term_string\"}}],\"inLanguage\":\"en-US\"},{\"@type\":\"Organization\",\"@id\":\"https:\/\/clinicacuerpoycolor.com.co\/#organization\",\"name\":\"Cl\u00ednica Cuerpo y Color\",\"url\":\"https:\/\/clinicacuerpoycolor.com.co\/\",\"logo\":{\"@type\":\"ImageObject\",\"inLanguage\":\"en-US\",\"@id\":\"https:\/\/clinicacuerpoycolor.com.co\/#\/schema\/logo\/image\/\",\"url\":\"https:\/\/clinicacuerpoycolor.com.co\/wp-content\/uploads\/2022\/09\/logoCuerpoColor.png\",\"contentUrl\":\"https:\/\/clinicacuerpoycolor.com.co\/wp-content\/uploads\/2022\/09\/logoCuerpoColor.png\",\"width\":350,\"height\":200,\"caption\":\"Cl\u00ednica Cuerpo y Color\"},\"image\":{\"@id\":\"https:\/\/clinicacuerpoycolor.com.co\/#\/schema\/logo\/image\/\"}}]}<\/script>\n<!-- \/ Yoast SEO plugin. -->","yoast_head_json":{"title":"legal - Cl\u00ednica Cuerpo y Color","robots":{"index":"index","follow":"follow","max-snippet":"max-snippet:-1","max-image-preview":"max-image-preview:large","max-video-preview":"max-video-preview:-1"},"canonical":"https:\/\/clinicacuerpoycolor.com.co\/en\/legal\/","og_locale":"en_US","og_type":"article","og_title":"legal - Cl\u00ednica Cuerpo y Color","og_description":"Requisitos Legales Nuestra cl\u00ednica se ha comprometido en adoptar el sistema de garant\u00eda de calidad en la atenci\u00f3n en salud de manera integral a trav\u00e9s del control y mejoramiento continuo de todos sus procesos. PPSS Pol\u00edtica Publica de Salud Social Estados Financieros En cumplimiento con los requisitos legales publicamos nuestros estados financieros. Estados Financieros 2021","og_url":"https:\/\/clinicacuerpoycolor.com.co\/en\/legal\/","og_site_name":"Cl\u00ednica Cuerpo y Color","article_modified_time":"2023-12-27T19:04:49+00:00","twitter_card":"summary_large_image","twitter_misc":{"Est. reading time":"1 minute"},"schema":{"@context":"https:\/\/schema.org","@graph":[{"@type":"WebPage","@id":"https:\/\/clinicacuerpoycolor.com.co\/legal\/","url":"https:\/\/clinicacuerpoycolor.com.co\/legal\/","name":"legal - Cl\u00ednica Cuerpo y Color","isPartOf":{"@id":"https:\/\/clinicacuerpoycolor.com.co\/#website"},"datePublished":"2022-10-03T23:03:25+00:00","dateModified":"2023-12-27T19:04:49+00:00","breadcrumb":{"@id":"https:\/\/clinicacuerpoycolor.com.co\/legal\/#breadcrumb"},"inLanguage":"en-US","potentialAction":[{"@type":"ReadAction","target":["https:\/\/clinicacuerpoycolor.com.co\/legal\/"]}]},{"@type":"BreadcrumbList","@id":"https:\/\/clinicacuerpoycolor.com.co\/legal\/#breadcrumb","itemListElement":[{"@type":"ListItem","position":1,"name":"Portada","item":"https:\/\/clinicacuerpoycolor.com.co\/"},{"@type":"ListItem","position":2,"name":"legal"}]},{"@type":"WebSite","@id":"https:\/\/clinicacuerpoycolor.com.co\/#website","url":"https:\/\/clinicacuerpoycolor.com.co\/","name":"Cl\u00ednica Cuerpo y Color","description":"Cl&iacute;nica Est&eacute;tica en Cali","publisher":{"@id":"https:\/\/clinicacuerpoycolor.com.co\/#organization"},"potentialAction":[{"@type":"SearchAction","target":{"@type":"EntryPoint","urlTemplate":"https:\/\/clinicacuerpoycolor.com.co\/?s={search_term_string}"},"query-input":{"@type":"PropertyValueSpecification","valueRequired":true,"valueName":"search_term_string"}}],"inLanguage":"en-US"},{"@type":"Organization","@id":"https:\/\/clinicacuerpoycolor.com.co\/#organization","name":"Cl\u00ednica Cuerpo y Color","url":"https:\/\/clinicacuerpoycolor.com.co\/","logo":{"@type":"ImageObject","inLanguage":"en-US","@id":"https:\/\/clinicacuerpoycolor.com.co\/#\/schema\/logo\/image\/","url":"https:\/\/clinicacuerpoycolor.com.co\/wp-content\/uploads\/2022\/09\/logoCuerpoColor.png","contentUrl":"https:\/\/clinicacuerpoycolor.com.co\/wp-content\/uploads\/2022\/09\/logoCuerpoColor.png","width":350,"height":200,"caption":"Cl\u00ednica Cuerpo y Color"},"image":{"@id":"https:\/\/clinicacuerpoycolor.com.co\/#\/schema\/logo\/image\/"}}]}},"_links":{"self":[{"href":"https:\/\/clinicacuerpoycolor.com.co\/en\/wp-json\/wp\/v2\/pages\/638","targetHints":{"allow":["GET"]}}],"collection":[{"href":"https:\/\/clinicacuerpoycolor.com.co\/en\/wp-json\/wp\/v2\/pages"}],"about":[{"href":"https:\/\/clinicacuerpoycolor.com.co\/en\/wp-json\/wp\/v2\/types\/page"}],"author":[{"embeddable":true,"href":"https:\/\/clinicacuerpoycolor.com.co\/en\/wp-json\/wp\/v2\/users\/1"}],"replies":[{"embeddable":true,"href":"https:\/\/clinicacuerpoycolor.com.co\/en\/wp-json\/wp\/v2\/comments?post=638"}],"version-history":[{"count":19,"href":"https:\/\/clinicacuerpoycolor.com.co\/en\/wp-json\/wp\/v2\/pages\/638\/revisions"}],"predecessor-version":[{"id":1034,"href":"https:\/\/clinicacuerpoycolor.com.co\/en\/wp-json\/wp\/v2\/pages\/638\/revisions\/1034"}],"wp:attachment":[{"href":"https:\/\/clinicacuerpoycolor.com.co\/en\/wp-json\/wp\/v2\/media?parent=638"}],"curies":[{"name":"wp","href":"https:\/\/api.w.org\/{rel}","templated":true}]}}